{"id":28,"date":"2015-07-29T06:29:30","date_gmt":"2015-07-29T11:29:30","guid":{"rendered":"http:\/\/publitree.com\/wp\/?page_id=28"},"modified":"2023-06-13T14:59:31","modified_gmt":"2023-06-13T19:59:31","slug":"quienes-somos","status":"publish","type":"page","link":"https:\/\/publitree.com\/index.php\/quienes-somos\/","title":{"rendered":"Quienes Somos"},"content":{"rendered":"<p><span style=\"font-size: 14pt; color: #99cc00;\">Bienvenidos a PUBLITREE<\/span><\/p>\n<blockquote>\n<p style=\"text-align: justify;\"><span style=\"font-size: 12pt;\"><strong>Publitree,<\/strong> Es una agencia de dise\u00f1o y producci\u00f3n publicitaria creada para satisfacer las necesidades de marketing, publicidad y comunicaci\u00f3n de Negocios, Pymes y Grandes Empresas del sector local, basado en un concepto de <strong>amplio<\/strong> <strong>servicio\u00a0<\/strong> al <strong>cliente<\/strong> receptando sus <strong>necesidades<\/strong> para poder <strong>potenciar su imagen<\/strong> mediante diversas herramientas <strong>ATL<\/strong> y <strong>BTL<\/strong>, brind\u00e1ndole la mejor opci\u00f3n.<\/span><\/p>\n<\/blockquote>\n<p style=\"text-align: center;\"><span style=\"font-size: 12pt;\">Contamos con un grupo de profesionales especialistas en el \u00e1rea, lo que nos hace poder ofrecer la mejor soluci\u00f3n a sus necesidades<\/span>.<\/p>\n<p style=\"text-align: center;\">\n<p style=\"text-align: center;\"><span style=\"font-size: 12pt;\">Con m\u00e1s de 10 a\u00f1os de experiencia en el sector publicitario estamos seguros de poder ofrecerle el mejor servicio, siendo el vinculo para generar m\u00e1s ventas y fidelidad\u00a0 entre su empresa y su grupo objetivo.<\/span><\/p>\n<p style=\"text-align: center;\"><span style=\"font-size: 14pt;\">Nuestros valores corporativos:<\/span><\/p>\n<p style=\"text-align: center;\">-Soluciones oportunas<\/p>\n<p style=\"text-align: center;\">-Trabajo en equipo<\/p>\n<p style=\"text-align: center;\">-Cumplimiento y responsabilidad<\/p>\n<p style=\"text-align: center;\">-Innovaci\u00f3n creativa<\/p>\n<p style=\"text-align: center;\">-Atenci\u00f3n personalizada<\/p>\n","protected":false},"excerpt":{"rendered":"<p>Bienvenidos a PUBLITREE Publitree, Es una agencia de dise\u00f1o y producci\u00f3n publicitaria creada para satisfacer las necesidades de marketing, publicidad y comunicaci\u00f3n de Negocios, Pymes y Grandes Empresas del sector local, basado<a class=\"moretag\" href=\"https:\/\/publitree.com\/index.php\/quienes-somos\/\">Leer m\u00e1s&#8230;<\/a><\/p>\n","protected":false},"author":1,"featured_media":5,"parent":0,"menu_order":0,"comment_status":"closed","ping_status":"closed","template":"","meta":[],"_links":{"self":[{"href":"https:\/\/publitree.com\/index.php\/wp-json\/wp\/v2\/pages\/28"}],"collection":[{"href":"https:\/\/publitree.com\/index.php\/wp-json\/wp\/v2\/pages"}],"about":[{"href":"https:\/\/publitree.com\/index.php\/wp-json\/wp\/v2\/types\/page"}],"author":[{"embeddable":true,"href":"https:\/\/publitree.com\/index.php\/wp-json\/wp\/v2\/users\/1"}],"replies":[{"embeddable":true,"href":"https:\/\/publitree.com\/index.php\/wp-json\/wp\/v2\/comments?post=28"}],"version-history":[{"count":33,"href":"https:\/\/publitree.com\/index.php\/wp-json\/wp\/v2\/pages\/28\/revisions"}],"predecessor-version":[{"id":300,"href":"https:\/\/publitree.com\/index.php\/wp-json\/wp\/v2\/pages\/28\/revisions\/300"}],"wp:featuredmedia":[{"embeddable":true,"href":"https:\/\/publitree.com\/index.php\/wp-json\/wp\/v2\/media\/5"}],"wp:attachment":[{"href":"https:\/\/publitree.com\/index.php\/wp-json\/wp\/v2\/media?parent=28"}],"curies":[{"name":"wp","href":"https:\/\/api.w.org\/{rel}","templated":true}]}}